{"id":2402,"date":"2025-04-06T17:19:02","date_gmt":"2025-04-06T17:19:02","guid":{"rendered":"https:\/\/montravelagency.com\/?page_id=2402"},"modified":"2025-05-06T11:31:11","modified_gmt":"2025-05-06T11:31:11","slug":"privatnost","status":"publish","type":"page","link":"https:\/\/montravelagency.com\/en\/privatnost\/","title":{"rendered":"Privacy Policy"},"content":{"rendered":"<div class=\"fusion-fullwidth fullwidth-box fusion-builder-row-1 fusion-flex-container has-pattern-background has-mask-background nonhundred-percent-fullwidth non-hundred-percent-height-scrolling\" style=\"--awb-border-radius-top-left:0px;--awb-border-radius-top-right:0px;--awb-border-radius-bottom-right:0px;--awb-border-radius-bottom-left:0px;--awb-flex-wrap:wrap;\" ><div class=\"fusion-builder-row fusion-row fusion-flex-align-items-flex-start fusion-flex-content-wrap\" style=\"max-width:1414.4px;margin-left: calc(-4% \/ 2 );margin-right: calc(-4% \/ 2 );\"><div class=\"fusion-layout-column fusion_builder_column fusion-builder-column-0 fusion_builder_column_1_1 1_1 fusion-flex-column\" style=\"--awb-bg-size:cover;--awb-width-large:100%;--awb-margin-top-large:0px;--awb-spacing-right-large:1.92%;--awb-margin-bottom-large:20px;--awb-spacing-left-large:1.92%;--awb-width-medium:100%;--awb-order-medium:0;--awb-spacing-right-medium:1.92%;--awb-spacing-left-medium:1.92%;--awb-width-small:100%;--awb-order-small:0;--awb-spacing-right-small:1.92%;--awb-spacing-left-small:1.92%;\"><div class=\"fusion-column-wrapper fusion-column-has-shadow fusion-flex-justify-content-flex-start fusion-content-layout-column\"><div class=\"fusion-text fusion-text-1\"><p><strong>PERSONAL DATA PROTECTION<\/strong><\/p>\n<p>&nbsp;<\/p>\n<p>The traveler voluntarily provides personal data that is used exclusively for the realization of the contracted trip. The agency guarantees data protection according to legal regulations and shares it only with partners necessary for the realization of the trip (eg accommodation, insurance, transport). The passenger agrees to the use of his data for further communication with the Agency.<\/p>\n<p>&nbsp;<\/p>\n<p>The Agency applies appropriate data protection measures to prevent unauthorized access, loss or misuse.<\/p>\n<p>&nbsp;<\/p>\n<p>&nbsp;<\/p>\n<p>COMPLAINT RESOLUTION<\/p>\n<p>&nbsp;<\/p>\n<p>The traveler may submit a written complaint about a non-performed or incorrectly performed service within 8 days after the trip. It is recommended to address the complaint to the service provider on site and request a written confirmation. Group complaints are not acceptable.<\/p>\n<p>&nbsp;<\/p>\n<p>The agency responds within 15 days, with the possibility of an extension for an additional 15 days. If the complaint is founded, the Traveler has the right to return the unused services, but not the entire arrangement. With \"Last minute\" offers, complaints about the quality of accommodation are not possible.<\/p>\n<p>&nbsp;<\/p>\n<p>Until the Agency resolves the complaint, the Traveler may not involve third parties (e.g. court, media).<\/p>\n<p>&nbsp;<\/p>\n<p>HOW TO SUBMIT A COMPLAINT<\/p>\n<p>&nbsp;<\/p>\n<p>In accordance with the laws, complaints are submitted:<\/p>\n<p>&nbsp;<\/p>\n<p>By mail to: Mon Travel tourism business and travel agency, Vukovar, \u0160iroki put 18<\/p>\n<p>&nbsp;<\/p>\n<p>By e-mail to: montravel.vu@gmail.com<\/p>\n<p>&nbsp;<\/p>\n<p>The agency acknowledges receipt and responds within 15 days.<\/p>\n<p>&nbsp;<\/p>\n<p>The traveler may use alternative dispute resolution methods, including the Conciliation Center at the Croatian Chamber of Commerce or the European Platform for Online Dispute Resolution.<\/p>\n<p>&nbsp;<\/p>\n<p>GUARANTEE AND LIABILITY INSURANCE<\/p>\n<p>&nbsp;<\/p>\n<p>In the event of the Agency's insolvency, passengers should contact the insurer:<\/p>\n<p>&nbsp;<\/p>\n<p>Insurer: Croatia osiguranje d.d.<\/p>\n<p>Address: Vatroslava Jagi\u0107a 33, 10000 Zagreb<\/p>\n<p>Phone: 01\/072 00 1884<\/p>\n<p>Policy number: 298210400063 (guarantee), 078210032070 (liability)<\/p>\n<p>&nbsp;<\/p>\n<p>The agency offers additional travel insurance: health, cancellation, accident and luggage insurance.<\/p>\n<p>LUGGAGE<\/p>\n<p>&nbsp;<\/p>\n<p>Luggage transportation within the carrier's permitted weight is free of charge. Excess luggage is paid by the passenger. The agency is not responsible for lost or damaged luggage and recommends luggage insurance.<\/p>\n<p>&nbsp;<\/p>\n<p>&nbsp;<\/p>\n<p>TRAVEL DOCUMENTS AND PASSENGER OBLIGATIONS<\/p>\n<p>&nbsp;<\/p>\n<p>The traveler must have valid travel documents and comply with visa, border, customs and health regulations. The Agency is not responsible for the consequences of non-compliance with regulations.<\/p>\n<p>&nbsp;<\/p>\n<p>For information on visas and security: https:\/\/www.mvep.hr<\/p>\n<p>&nbsp;<\/p>\n<p>FINAL PROVISIONS<\/p>\n<p>&nbsp;<\/p>\n<p>By signing the contract, the Traveler confirms that he\/she is familiar with and agrees to the terms and conditions. In the event of a dispute, the competent court is the one based at the Agency's headquarters, applying Croatian law.<\/p>\n<p>&nbsp;<\/p>\n<p><strong>PERSONAL DATA PROTECTION (GDPR)<\/strong><\/p>\n<p>&nbsp;<\/p>\n<p>The Mon Travel travel agency attaches great importance to the protection of personal data. All data is processed in accordance with the EU General Data Protection Regulation (GDPR) and other applicable regulations.<\/p>\n<p>&nbsp;<\/p>\n<p>The collected data is used exclusively for the provision of contracted services.<\/p>\n<p>&nbsp;<\/p>\n<p>Data is not forwarded to third parties except when necessary (accommodation, transportation, insurance).<\/p>\n<p>&nbsp;<\/p>\n<p>Data transfer takes place via a secure server.<\/p>\n<p>&nbsp;<\/p>\n<p>Travelers have the right to view, modify and delete their data by sending a request to montravel.vu@gmail.com<\/p>\n<p>&nbsp;<\/p>\n<p><strong>Use of cookies<\/strong><\/p>\n<p>Cookies enable the Mon Travel Travel Agency to collect statistical data about user behavior on https:\/\/montravelagency.com (e.g., which parts of the website users spend the longest time on, and where the shortest), which Internet browser (e.g., Internet Explorer, Opera, Safari, Google Chrome, Firefox) is used, and the like.<\/p>\n<p>&nbsp;<\/p>\n<p>Kola\u010di\u0107i su mali skup podataka poslan sa poslu\u017eitelja https:\/\/ montravelagency.com na ra\u010dunalo korisnika, a slu\u017ei kao anonimni identifikator. Kola\u010di\u0107i se tako\u0111er koriste za lak\u0161u navigaciju kroz Internet stranice (npr. ne morate svaki put iznova unositi podatke za registraciju). Kola\u010di\u0107i se ne koriste s ciljem pristupa korisni\u010dkim podacima ili kako bi se pratile aktivnosti korisnika nakon napu\u0161tanja https:\/\/ montravelagency.com<\/p>\n<p>The Mon Travel travel agency reserves the right to use cookies at https:\/\/montravelagency.com, but each user can prohibit receiving cookies by editing\/changing the settings in their Internet browser.<\/p>\n<p>&nbsp;<\/p>\n<p>Links<\/p>\n<p>&nbsp;<\/p>\n<p>https:\/\/montravelagency.com contains links to other websites (e.g. Facebook, Instagram, etc.). Accordingly, we warn and ask users to take into account that the Mon Travel Tourist Agency cannot be responsible for respecting privacy on the aforementioned websites. Therefore, we encourage users to read the Privacy Statement of each website they access.<\/p>\n<p>&nbsp;<\/p>\n<p><strong>Digital marketing<\/strong><\/p>\n<p>Contact information, such as name and e-mail address, is necessary in case you want to use the services of receiving promotional materials from the Mon Travel Travel Agency. Promotional materials include information about services and special offers and news (English newsletter).<\/p>\n<p>&nbsp;<\/p>\n<p>The service can be disabled at any time by activating the \"Unsubscribe\" link at the end of the email or by sending a request to be removed from the digital marketing list to montravel.vu@gmail.com<\/p>\n<\/div><\/div><\/div><\/div><\/div>","protected":false},"excerpt":{"rendered":"","protected":false},"author":1,"featured_media":0,"parent":0,"menu_order":0,"comment_status":"closed","ping_status":"closed","template":"100-width.php","meta":{"inline_featured_image":false,"footnotes":""},"class_list":["post-2402","page","type-page","status-publish","hentry"],"_links":{"self":[{"href":"https:\/\/montravelagency.com\/en\/wp-json\/wp\/v2\/pages\/2402","targetHints":{"allow":["GET"]}}],"collection":[{"href":"https:\/\/montravelagency.com\/en\/wp-json\/wp\/v2\/pages"}],"about":[{"href":"https:\/\/montravelagency.com\/en\/wp-json\/wp\/v2\/types\/page"}],"author":[{"embeddable":true,"href":"https:\/\/montravelagency.com\/en\/wp-json\/wp\/v2\/users\/1"}],"replies":[{"embeddable":true,"href":"https:\/\/montravelagency.com\/en\/wp-json\/wp\/v2\/comments?post=2402"}],"version-history":[{"count":3,"href":"https:\/\/montravelagency.com\/en\/wp-json\/wp\/v2\/pages\/2402\/revisions"}],"predecessor-version":[{"id":2405,"href":"https:\/\/montravelagency.com\/en\/wp-json\/wp\/v2\/pages\/2402\/revisions\/2405"}],"wp:attachment":[{"href":"https:\/\/montravelagency.com\/en\/wp-json\/wp\/v2\/media?parent=2402"}],"curies":[{"name":"wp","href":"https:\/\/api.w.org\/{rel}","templated":true}]}}